{"id":470,"date":"2014-04-16T11:45:25","date_gmt":"2014-04-16T09:45:25","guid":{"rendered":"http:\/\/mispelweg.net\/?page_id=470"},"modified":"2018-06-21T10:45:45","modified_gmt":"2018-06-21T08:45:45","slug":"impressum","status":"publish","type":"page","link":"https:\/\/mispelweg.net\/?page_id=470","title":{"rendered":"Impressum"},"content":{"rendered":"<header>\n<h1>&nbsp;<\/h1>\n<\/header>\n<div>\n<p>Thomas Herrmann<\/p>\n<p>Mispelweg 6<\/p>\n<p>48317 Drensteinfurt<\/p>\n<p>Tel.: 0179\/1109789<\/p>\n<p>info@mispelweg.net<\/p>\n<p><b>Haftung f\u00fcr Inhalte<\/b><\/p>\n<p>Die Inhalte meiner Seite wurden mit gr\u00f6\u00dfter Sorgfalt erstellt. F\u00fcr die Richtigkeit, Vollst\u00e4ndigkeit und Aktualit\u00e4t der Inhalte kann ich jedoch keine Gew\u00e4hr \u00fcbernehmen. Als Diensteanbieter bin ich gem\u00e4\u00df \u00a7 7 Abs.1 TMG f\u00fcr eigene Inhalte auf diesen Seiten nach den allgemeinen Gesetzen verantwortlich. Nach \u00a7\u00a7 8 bis 10 TMG bin ich als Diensteanbieter jedoch nicht verpflichtet, \u00fcbermittelte oder gespeicherte fremde Informationen zu \u00fcberwachen oder nach Umst\u00e4nden zu forschen, die auf eine rechtswidrige T\u00e4tigkeit hinweisen. Verpflichtungen zur Entfernung oder Sperrung der Nutzung von Informationen nach den allgemeinen Gesetzen bleiben hiervon unber\u00fchrt. Eine diesbez\u00fcgliche Haftung ist jedoch erst ab dem Zeitpunkt der Kenntnis einer konkreten Rechtsverletzung m\u00f6glich. Bei Bekanntwerden von entsprechenden Rechtsverletzungen werde ich diese Inhalte umgehend entfernen.<\/p>\n<p><b>Haftung f\u00fcr Links<\/b><\/p>\n<p>Mein Angebot enth\u00e4lt Links zu externen Webseiten Dritter, auf deren Inhalte ich keinen Einfluss habe. Deshalb kann ich f\u00fcr diese fremden Inhalte auch keine Gew\u00e4hr \u00fcbernehmen. F\u00fcr die Inhalte der verlinkten Seiten ist stets der jeweilige Anbieter oder Betreiber der Seiten verantwortlich. Die verlinkten Seiten wurden zum Zeitpunkt der Verlinkung auf m\u00f6gliche Rechtsverst\u00f6\u00dfe \u00fcberpr\u00fcft. Rechtswidrige Inhalte waren zum Zeitpunkt der Verlinkung nicht erkennbar. Eine permanente inhaltliche Kontrolle der verlinkten Seiten ist jedoch ohne konkrete Anhaltspunkte einer Rechtsverletzung nicht zumutbar. Bei Bekanntwerden von Rechtsverletzungen werde ich derartige Links umgehend entfernen.<\/p>\n<p><b>Urheberrecht<\/b><\/p>\n<p>Die durch den Seitenbetreiber erstellten Inhalte und Werke auf diesen Seiten unterliegen dem deutschen Urheberrecht. Die Vervielf\u00e4ltigung, Bearbeitung, Verbreitung und jede Art der Verwertung au\u00dferhalb der Grenzen des Urheberrechtes bed\u00fcrfen der schriftlichen Zustimmung des jeweiligen Autors bzw. Erstellers. Downloads und Kopien dieser Seite sind nur f\u00fcr den privaten, nicht kommerziellen Gebrauch gestattet. Soweit die Inhalte auf dieser Seite nicht vom Betreiber erstellt wurden, werden die Urheberrechte Dritter beachtet. Insbesondere werden Inhalte Dritter als solche gekennzeichnet. Sollten Sie trotzdem auf eine Urheberrechtsverletzung aufmerksam werden, bitte ich um einen entsprechenden Hinweis. Bei Bekanntwerden von Rechtsverletzungen werde ich derartige Inhalte umgehend entfernen.<\/p>\n<p><b>Datenschutz<\/b><\/p>\n<p>Die Nutzung meiner Webseite ist in der Regel ohne Angabe personenbezogener Daten m\u00f6glich. Soweit auf meinen Seiten personenbezogene Daten (beispielsweise Name, Anschrift oder eMail-Adressen) erhoben werden, erfolgt dies, soweit m\u00f6glich, stets auf freiwilliger Basis. Diese Daten werden ohne Ihre ausdr\u00fcckliche Zustimmung nicht an Dritte weitergegeben.<\/p>\n<p>Ich weise darauf hin, dass die Daten\u00fcbertragung im Internet (z.B. bei der Kommunikation per E-Mail) Sicherheitsl\u00fccken aufweisen kann. Ein l\u00fcckenloser Schutz der Daten vor dem Zugriff durch Dritte ist nicht m\u00f6glich.<\/p>\n<p>Der Nutzung von im Rahmen der Impressumspflicht ver\u00f6ffentlichten Kontaktdaten durch Dritte zur \u00dcbersendung von nicht ausdr\u00fccklich angeforderter Werbung und Informationsmaterialien wird hiermit ausdr\u00fccklich widersprochen. Der Betreiber der Seiten beh\u00e4lt sich ausdr\u00fccklich rechtliche Schritte im Falle der unverlangten Zusendung von Werbeinformationen, etwa durch Spam-Mails, vor.<\/p>\n<p><b>Datenschutzerkl\u00e4rung f\u00fcr die Nutzung von Facebook-Plugins (Like-Button)<\/b><\/p>\n<p>Auf meinen Seiten sind keine Plugins des sozialen Netzwerks Facebook, 1601 South California Avenue, Palo Alto, CA 94304, USA integriert.<\/p>\n<p><b>Datenschutzerkl\u00e4rung f\u00fcr die Nutzung von Google Analytics<\/b><\/p>\n<p>Diese Website benutzt kein Google Analytics, einen Webanalysedienst der Google Inc. (\u201cGoogle\u201d). Generell verwendet Google Analytics sog. \u201cCookies\u201d, Textdateien, die auf Ihrem Computer gespeichert werden und die eine Analyse der Benutzung der Website durch Sie erm\u00f6glichen. Dies ist auf dieser Seite nicht der Fall.<\/p>\n<p><i>Angesichts der Diskussion um den Einsatz von Analysetools mit vollst\u00e4ndigen IP-Adressen m\u00f6chte ich darauf hinweisen, dass diese Website die Erweiterung \u201c_anonymizeIp()\u201d (IP-Anonymisierung) verwendet und daher IP-Adressen nur gek\u00fcrzt weiterverarbeitet werden, um eine direkte Personenbeziehbarkeit auszuschlie\u00dfen. Zudem werden diese Informationen nach drei Monaten automatisch&nbsp;gel\u00f6scht.<\/i><\/p>\n<p><a href=\"http:\/\/www.disclaimer.de\/disclaimer.htm?farbe=FFFFFF\/000000\/000000\/000000\">Haftungsausschluss<\/a><\/p>\n<\/div>\n","protected":false},"excerpt":{"rendered":"<p>&nbsp; Thomas Herrmann Mispelweg 6 48317 Drensteinfurt Tel.: 0179\/1109789 info@mispelweg.net Haftung f\u00fcr Inhalte Die Inhalte meiner Seite wurden [&hellip;]<\/p>\n","protected":false},"author":1,"featured_media":0,"parent":0,"menu_order":1,"comment_status":"open","ping_status":"closed","template":"","meta":{"ngg_post_thumbnail":0,"footnotes":""},"class_list":["post-470","page","type-page","status-publish","hentry"],"_links":{"self":[{"href":"https:\/\/mispelweg.net\/index.php?rest_route=\/wp\/v2\/pages\/470","targetHints":{"allow":["GET"]}}],"collection":[{"href":"https:\/\/mispelweg.net\/index.php?rest_route=\/wp\/v2\/pages"}],"about":[{"href":"https:\/\/mispelweg.net\/index.php?rest_route=\/wp\/v2\/types\/page"}],"author":[{"embeddable":true,"href":"https:\/\/mispelweg.net\/index.php?rest_route=\/wp\/v2\/users\/1"}],"replies":[{"embeddable":true,"href":"https:\/\/mispelweg.net\/index.php?rest_route=%2Fwp%2Fv2%2Fcomments&post=470"}],"version-history":[{"count":5,"href":"https:\/\/mispelweg.net\/index.php?rest_route=\/wp\/v2\/pages\/470\/revisions"}],"predecessor-version":[{"id":1182,"href":"https:\/\/mispelweg.net\/index.php?rest_route=\/wp\/v2\/pages\/470\/revisions\/1182"}],"wp:attachment":[{"href":"https:\/\/mispelweg.net\/index.php?rest_route=%2Fwp%2Fv2%2Fmedia&parent=470"}],"curies":[{"name":"wp","href":"https:\/\/api.w.org\/{rel}","templated":true}]}}