{"id":67,"date":"2014-04-14T17:54:52","date_gmt":"2014-04-14T15:54:52","guid":{"rendered":"http:\/\/mispelweg.net\/?page_id=67"},"modified":"2018-05-24T11:40:23","modified_gmt":"2018-05-24T09:40:23","slug":"2013-00","status":"publish","type":"page","link":"https:\/\/mispelweg.net\/?page_id=67","title":{"rendered":"\u00dcber mich"},"content":{"rendered":"<p>Hallo zusammen,<\/p>\n<p>mein Name ist Thomas Herrmann und ich zeige in diesem Blog den Verlauf meines Bauvorhabens. Der Bau ist im Februar 2014 gestartet und das Haus wird voraussichtlich im September 2014 fertig gestellt.<\/p>\n<p>Das sch\u00f6ne neue Heim werde ich gemeinsam mit meiner Freundin, Alexandra Geller beziehen.<\/p>\n<p>Ich w\u00fcnsche Euch viel Spa\u00df beim Betrachten der Bilder und freue mich \u00fcber Eure Kommentare!<\/p>\n<p>Dies ist eine rein private Seite frei von jeglichen kommerziellen Absichten.<\/p>\n","protected":false},"excerpt":{"rendered":"<p>Hallo zusammen, mein Name ist Thomas Herrmann und ich zeige in diesem Blog den Verlauf meines Bauvorhabens. Der [&hellip;]<\/p>\n","protected":false},"author":1,"featured_media":0,"parent":0,"menu_order":0,"comment_status":"open","ping_status":"open","template":"","meta":{"ngg_post_thumbnail":0,"footnotes":""},"class_list":["post-67","page","type-page","status-publish","hentry"],"_links":{"self":[{"href":"https:\/\/mispelweg.net\/index.php?rest_route=\/wp\/v2\/pages\/67","targetHints":{"allow":["GET"]}}],"collection":[{"href":"https:\/\/mispelweg.net\/index.php?rest_route=\/wp\/v2\/pages"}],"about":[{"href":"https:\/\/mispelweg.net\/index.php?rest_route=\/wp\/v2\/types\/page"}],"author":[{"embeddable":true,"href":"https:\/\/mispelweg.net\/index.php?rest_route=\/wp\/v2\/users\/1"}],"replies":[{"embeddable":true,"href":"https:\/\/mispelweg.net\/index.php?rest_route=%2Fwp%2Fv2%2Fcomments&post=67"}],"version-history":[{"count":3,"href":"https:\/\/mispelweg.net\/index.php?rest_route=\/wp\/v2\/pages\/67\/revisions"}],"predecessor-version":[{"id":1177,"href":"https:\/\/mispelweg.net\/index.php?rest_route=\/wp\/v2\/pages\/67\/revisions\/1177"}],"wp:attachment":[{"href":"https:\/\/mispelweg.net\/index.php?rest_route=%2Fwp%2Fv2%2Fmedia&parent=67"}],"curies":[{"name":"wp","href":"https:\/\/api.w.org\/{rel}","templated":true}]}}